{"id":5,"date":"2022-04-24T13:21:56","date_gmt":"2022-04-24T11:21:56","guid":{"rendered":"https:\/\/deniahomeassist.ovh\/?page_id=5"},"modified":"2022-11-24T10:13:30","modified_gmt":"2022-11-24T09:13:30","slug":"pineau-de-lestuaire","status":"publish","type":"page","link":"https:\/\/pineau-de-lestuaire.com\/","title":{"rendered":"Pineau de l&rsquo;Estuaire"},"content":{"rendered":"\n\t<section class=\"section\" id=\"section_735549052\">\n\t\t<div class=\"bg section-bg fill bg-fill  bg-loaded\" >\n\n\t\t\t\n\t\t\t\n\t\t\t\n\n\t\t<\/div>\n\n\t\t\n\n\t\t<div class=\"section-content relative\">\n\t\t\t\n\n\n  <div class=\"banner has-hover\" id=\"banner-1461988570\">\n          <div class=\"banner-inner fill\">\n        <div class=\"banner-bg fill\" >\n            <div class=\"bg fill bg-fill \"><\/div>\n                                    \n                    <\/div>\n\t\t\n        <div class=\"banner-layers container\">\n            <div class=\"fill banner-link\"><\/div>            \n\n\n        <\/div>\n      <\/div>\n\n            \n<style>\n#banner-1461988570 {\n  padding-top: 56.25%;\n}\n#banner-1461988570 .bg.bg-loaded {\n  background-image: url(https:\/\/pineau-de-lestuaire.com\/wp-content\/uploads\/2022\/08\/Capture-de\u0301cran-2022-08-02-a\u0300-09.04.02.png);\n}\n@media (min-width:550px) {\n  #banner-1461988570 {\n    padding-top: 531px;\n  }\n}\n<\/style>\n  <\/div>\n\n\n\n\t\t<\/div>\n\n\t\t\n<style>\n#section_735549052 {\n  padding-top: 0px;\n  padding-bottom: 0px;\n}\n<\/style>\n\t<\/section>\n\t\n\t<section class=\"section\" id=\"section_1198699473\">\n\t\t<div class=\"bg section-bg fill bg-fill  bg-loaded\" >\n\n\t\t\t\n\t\t\t\n\t\t\t\n\n\t\t<\/div>\n\n\t\t\n\n\t\t<div class=\"section-content relative\">\n\t\t\t\n\n\t<div id=\"gap-1932608706\" class=\"gap-element clearfix\" style=\"display:block; height:auto;\">\n\t\t\n<style>\n#gap-1932608706 {\n  padding-top: 30px;\n}\n<\/style>\n\t<\/div>\n\t\n\n<div class=\"row\"  id=\"row-739276614\">\n\n\n\t<div id=\"col-417977605\" class=\"col small-12 large-12\"  >\n\t\t\t\t<div class=\"col-inner\"  >\n\t\t\t\n\t\t\t\n\n<blockquote>\n<h4>Situ\u00e9e \u00e0 Floirac (17), l&rsquo;exploitation b\u00e9n\u00e9ficie d&rsquo;un terroir magnifique sur des coteaux calcaire dominant l&rsquo;estuaire de la gironde.<\/h4>\n<\/blockquote>\n\n\t\t<\/div>\n\t\t\t\t\t<\/div>\n\n\t\n\n<\/div>\n\n\t\t<\/div>\n\n\t\t\n<style>\n#section_1198699473 {\n  padding-top: 30px;\n  padding-bottom: 30px;\n}\n<\/style>\n\t<\/section>\n\t\n\n  <div class=\"banner has-hover has-video\" id=\"banner-1887085790\">\n          <div class=\"banner-inner fill\">\n        <div class=\"banner-bg fill\" >\n            <div class=\"bg fill bg-fill \"><\/div>\n            \t<div class=\"video-overlay no-click fill visible\"><\/div>\n\t<video class=\"video-bg fill visible\" preload playsinline autoplay muted loop>\n\t\t<source src=\"https:\/\/deniahomeassist.ovh\/wp-content\/uploads\/2022\/08\/VIDEO-ACCUEIL.mp4\" type=\"video\/mp4\">\t<\/video>\n                        \n                    <\/div>\n\t\t\n        <div class=\"banner-layers container\">\n            <div class=\"fill banner-link\"><\/div>            \n\n   <div id=\"text-box-874636163\" class=\"text-box banner-layer x50 md-x50 lg-x50 y50 md-y50 lg-y50 res-text\">\n                                <div class=\"text-box-content text dark\">\n              \n              <div class=\"text-inner text-center\">\n                  \n\n\n              <\/div>\n           <\/div>\n                            \n<style>\n#text-box-874636163 {\n  width: 60%;\n}\n#text-box-874636163 .text-box-content {\n  font-size: 100%;\n}\n<\/style>\n    <\/div>\n \n\n        <\/div>\n      <\/div>\n\n            \n<style>\n#banner-1887085790 {\n  padding-top: 99.99%;\n  background-color: rgb(255,255,255);\n}\n@media (min-width:550px) {\n  #banner-1887085790 {\n    padding-top: 500px;\n  }\n}\n<\/style>\n  <\/div>\n\n\n\t<section class=\"section\" id=\"section_2104459557\">\n\t\t<div class=\"bg section-bg fill bg-fill  bg-loaded\" >\n\n\t\t\t\n\t\t\t\n\t\t\t\n\n\t\t<\/div>\n\n\t\t\n\n\t\t<div class=\"section-content relative\">\n\t\t\t\n\n<span class=\"scroll-to\" data-label=\"Scroll to: #famille\" data-bullet=\"false\" data-link=\"#famille\" data-title=\"famille\" ><a name=\"famille\"><\/a><\/span>\n\n\t<div id=\"gap-114739507\" class=\"gap-element clearfix\" style=\"display:block; height:auto;\">\n\t\t\n<style>\n#gap-114739507 {\n  padding-top: 30px;\n}\n<\/style>\n\t<\/div>\n\t\n\n<div class=\"row\"  id=\"row-268909708\">\n\n\n\t<div id=\"col-549967407\" class=\"col small-12 large-12\"  >\n\t\t\t\t<div class=\"col-inner\"  >\n\t\t\t\n\t\t\t\n\n<blockquote>\n<h2>FAMILLE ROBERT<\/h2>\n<\/blockquote>\n<p>Patrice Robert est vigneron de p\u00e8re en fils, il est install\u00e9 en Charente Maritime \u00e0 Floirac o\u00f9 il perp\u00e9tue le savoir faire familial.<\/p>\n<p>Authenticit\u00e9, qualit\u00e9 et modernit\u00e9 sont les ma\u00eetres-mots de la famille Robert qui se d\u00e9voue pleinement \u00e0 la production de Pineaux remarquables.<\/p>\n\n\t\t<\/div>\n\t\t\t\t\t<\/div>\n\n\t\n\n<\/div>\n<div class=\"row\"  id=\"row-410831437\">\n\n\n\t<div id=\"col-23762317\" class=\"col medium-4 small-12 large-4\"  >\n\t\t\t\t<div class=\"col-inner text-center\"  >\n\t\t\t\n\t\t\t\n\n\t<div class=\"img has-hover x md-x lg-x y md-y lg-y\" id=\"image_767392382\">\n\t\t\t\t\t\t\t\t<div class=\"img-inner dark\" >\n\t\t\t<img loading=\"lazy\" decoding=\"async\" width=\"1020\" height=\"573\" src=\"https:\/\/pineau-de-lestuaire.com\/wp-content\/uploads\/2022\/08\/Capture-decran-2022-03-31-a-12.39.36-1024x575.jpg\" class=\"attachment-large size-large\" alt=\"\" srcset=\"https:\/\/pineau-de-lestuaire.com\/wp-content\/uploads\/2022\/08\/Capture-decran-2022-03-31-a-12.39.36-1024x575.jpg 1024w, https:\/\/pineau-de-lestuaire.com\/wp-content\/uploads\/2022\/08\/Capture-decran-2022-03-31-a-12.39.36-300x169.jpg 300w, https:\/\/pineau-de-lestuaire.com\/wp-content\/uploads\/2022\/08\/Capture-decran-2022-03-31-a-12.39.36-768x432.jpg 768w, https:\/\/pineau-de-lestuaire.com\/wp-content\/uploads\/2022\/08\/Capture-decran-2022-03-31-a-12.39.36-1536x863.jpg 1536w, https:\/\/pineau-de-lestuaire.com\/wp-content\/uploads\/2022\/08\/Capture-decran-2022-03-31-a-12.39.36.jpg 1920w\" sizes=\"auto, (max-width: 1020px) 100vw, 1020px\" \/>\t\t\t\t\t\t\n\t\t\t\t\t<\/div>\n\t\t\t\t\t\t\t\t\n<style>\n#image_767392382 {\n  width: 100%;\n}\n<\/style>\n\t<\/div>\n\t\n\n\n\t\t<\/div>\n\t\t\t\t\t<\/div>\n\n\t\n\n\t<div id=\"col-60542122\" class=\"col medium-4 small-12 large-4\"  >\n\t\t\t\t<div class=\"col-inner text-center\"  >\n\t\t\t\n\t\t\t\n\n\t<div class=\"img has-hover x md-x lg-x y md-y lg-y\" id=\"image_1107362533\">\n\t\t\t\t\t\t\t\t<div class=\"img-inner dark\" >\n\t\t\t<img loading=\"lazy\" decoding=\"async\" width=\"1020\" height=\"575\" src=\"https:\/\/pineau-de-lestuaire.com\/wp-content\/uploads\/2022\/08\/Capture-decran-2022-03-31-a-12.41.58-1024x577.jpg\" class=\"attachment-large size-large\" alt=\"\" srcset=\"https:\/\/pineau-de-lestuaire.com\/wp-content\/uploads\/2022\/08\/Capture-decran-2022-03-31-a-12.41.58-1024x577.jpg 1024w, https:\/\/pineau-de-lestuaire.com\/wp-content\/uploads\/2022\/08\/Capture-decran-2022-03-31-a-12.41.58-300x169.jpg 300w, https:\/\/pineau-de-lestuaire.com\/wp-content\/uploads\/2022\/08\/Capture-decran-2022-03-31-a-12.41.58-768x432.jpg 768w, https:\/\/pineau-de-lestuaire.com\/wp-content\/uploads\/2022\/08\/Capture-decran-2022-03-31-a-12.41.58-1536x865.jpg 1536w, https:\/\/pineau-de-lestuaire.com\/wp-content\/uploads\/2022\/08\/Capture-decran-2022-03-31-a-12.41.58.jpg 1920w\" sizes=\"auto, (max-width: 1020px) 100vw, 1020px\" \/>\t\t\t\t\t\t\n\t\t\t\t\t<\/div>\n\t\t\t\t\t\t\t\t\n<style>\n#image_1107362533 {\n  width: 100%;\n}\n<\/style>\n\t<\/div>\n\t\n\n\n\t\t<\/div>\n\t\t\t\t\t<\/div>\n\n\t\n\n\t<div id=\"col-1508095177\" class=\"col medium-4 small-12 large-4\"  >\n\t\t\t\t<div class=\"col-inner text-center\"  >\n\t\t\t\n\t\t\t\n\n\t<div class=\"img has-hover x md-x lg-x y md-y lg-y\" id=\"image_818202949\">\n\t\t\t\t\t\t\t\t<div class=\"img-inner dark\" >\n\t\t\t<img loading=\"lazy\" decoding=\"async\" width=\"1020\" height=\"575\" src=\"https:\/\/pineau-de-lestuaire.com\/wp-content\/uploads\/2022\/08\/Capture-de\u0301cran-2022-03-31-a\u0300-12.40.35-1024x577.png\" class=\"attachment-large size-large\" alt=\"\" srcset=\"https:\/\/pineau-de-lestuaire.com\/wp-content\/uploads\/2022\/08\/Capture-de\u0301cran-2022-03-31-a\u0300-12.40.35-1024x577.png 1024w, https:\/\/pineau-de-lestuaire.com\/wp-content\/uploads\/2022\/08\/Capture-de\u0301cran-2022-03-31-a\u0300-12.40.35-300x169.png 300w, https:\/\/pineau-de-lestuaire.com\/wp-content\/uploads\/2022\/08\/Capture-de\u0301cran-2022-03-31-a\u0300-12.40.35-768x433.png 768w, https:\/\/pineau-de-lestuaire.com\/wp-content\/uploads\/2022\/08\/Capture-de\u0301cran-2022-03-31-a\u0300-12.40.35-1536x865.png 1536w, https:\/\/pineau-de-lestuaire.com\/wp-content\/uploads\/2022\/08\/Capture-de\u0301cran-2022-03-31-a\u0300-12.40.35.png 1917w\" sizes=\"auto, (max-width: 1020px) 100vw, 1020px\" \/>\t\t\t\t\t\t\n\t\t\t\t\t<\/div>\n\t\t\t\t\t\t\t\t\n<style>\n#image_818202949 {\n  width: 100%;\n}\n<\/style>\n\t<\/div>\n\t\n\n\n\t\t<\/div>\n\t\t\t\t\t<\/div>\n\n\t\n\n<\/div>\n\n\t\t<\/div>\n\n\t\t\n<style>\n#section_2104459557 {\n  padding-top: 30px;\n  padding-bottom: 30px;\n}\n<\/style>\n\t<\/section>\n\t\n\t<section class=\"section\" id=\"section_1787309353\">\n\t\t<div class=\"bg section-bg fill bg-fill  bg-loaded\" >\n\n\t\t\t\n\t\t\t\n\t\t\t\n\n\t\t<\/div>\n\n\t\t\n\n\t\t<div class=\"section-content relative\">\n\t\t\t\n\n\t<div id=\"gap-798755587\" class=\"gap-element clearfix\" style=\"display:block; height:auto;\">\n\t\t\n<style>\n#gap-798755587 {\n  padding-top: 30px;\n}\n<\/style>\n\t<\/div>\n\t\n\n<div class=\"row\"  id=\"row-2011348911\">\n\n\n\t<div id=\"col-187216821\" class=\"col small-12 large-12\"  >\n\t\t\t\t<div class=\"col-inner\"  >\n\t\t\t\n\t\t\t\n\n<blockquote>\n<h2>UN SAVOIR-FAIRE<\/h2>\n<\/blockquote>\n<p>Du choix des c\u00e9pages, en passant par la taille, le soin apport\u00e9 aux vendanges, la fabrication du Pineau passe par diff\u00e9rentes \u00e9tapes :\u00a0<\/p>\n<p>Une fois r\u00e9colt\u00e9, le raisin est press\u00e9, puis vinifi\u00e9.<\/p>\n<p>Tous les vins de la propri\u00e9t\u00e9 sont distill\u00e9s selon une m\u00e9thode bien sp\u00e9cifique dite \u00ab\u00a0\u00e0 repasse\u00a0\u00bb ou de \u00ab\u00a0double distillation\u00a0\u00bb dans un alambic charentais.<\/p>\n<p>On y extrait le \u00ab\u00a0coeur de chauffe\u00a0\u00bb qui sera conserv\u00e9 et vieilli durant de longues ann\u00e9es dans des f\u00fbts de ch\u00eane dans nos chais.<\/p>\n<p>Cette derni\u00e8re \u00e9tape est cruciale et c&rsquo;est elle qui va donner au Pineau ses ar\u00f4mes si particulier qui feront le bonheur de vos soir\u00e9es d&rsquo;\u00e9t\u00e9 !<\/p>\n\n\t\t<\/div>\n\t\t\t\t\t<\/div>\n\n\t\n\n<\/div>\n<div class=\"row\"  id=\"row-1940304112\">\n\n\n\t<div id=\"col-167042277\" class=\"col medium-4 small-12 large-4\"  >\n\t\t\t\t<div class=\"col-inner text-center\"  >\n\t\t\t\n\t\t\t\n\n\t<div class=\"img has-hover x md-x lg-x y md-y lg-y\" id=\"image_1381376336\">\n\t\t\t\t\t\t\t\t<div class=\"img-inner dark\" >\n\t\t\t<img loading=\"lazy\" decoding=\"async\" width=\"1020\" height=\"1023\" src=\"https:\/\/pineau-de-lestuaire.com\/wp-content\/uploads\/2022\/08\/Capture-decran-2022-07-22-a-10.11.59-1021x1024.jpg\" class=\"attachment-large size-large\" alt=\"\" srcset=\"https:\/\/pineau-de-lestuaire.com\/wp-content\/uploads\/2022\/08\/Capture-decran-2022-07-22-a-10.11.59-1021x1024.jpg 1021w, https:\/\/pineau-de-lestuaire.com\/wp-content\/uploads\/2022\/08\/Capture-decran-2022-07-22-a-10.11.59-300x300.jpg 300w, https:\/\/pineau-de-lestuaire.com\/wp-content\/uploads\/2022\/08\/Capture-decran-2022-07-22-a-10.11.59-150x150.jpg 150w, https:\/\/pineau-de-lestuaire.com\/wp-content\/uploads\/2022\/08\/Capture-decran-2022-07-22-a-10.11.59-768x770.jpg 768w, https:\/\/pineau-de-lestuaire.com\/wp-content\/uploads\/2022\/08\/Capture-decran-2022-07-22-a-10.11.59-1532x1536.jpg 1532w, https:\/\/pineau-de-lestuaire.com\/wp-content\/uploads\/2022\/08\/Capture-decran-2022-07-22-a-10.11.59.jpg 1915w\" sizes=\"auto, (max-width: 1020px) 100vw, 1020px\" \/>\t\t\t\t\t\t\n\t\t\t\t\t<\/div>\n\t\t\t\t\t\t\t\t\n<style>\n#image_1381376336 {\n  width: 100%;\n}\n<\/style>\n\t<\/div>\n\t\n\n\n\t\t<\/div>\n\t\t\t\t\t<\/div>\n\n\t\n\n\t<div id=\"col-1531758589\" class=\"col medium-4 small-12 large-4\"  >\n\t\t\t\t<div class=\"col-inner text-center\"  >\n\t\t\t\n\t\t\t\n\n\t<div class=\"img has-hover x md-x lg-x y md-y lg-y\" id=\"image_1600691221\">\n\t\t\t\t\t\t\t\t<div class=\"img-inner dark\" >\n\t\t\t<img loading=\"lazy\" decoding=\"async\" width=\"1020\" height=\"573\" src=\"https:\/\/pineau-de-lestuaire.com\/wp-content\/uploads\/2022\/08\/Capture-de\u0301cran-2022-03-31-a\u0300-12.40.19-1024x575.png\" class=\"attachment-large size-large\" alt=\"\" srcset=\"https:\/\/pineau-de-lestuaire.com\/wp-content\/uploads\/2022\/08\/Capture-de\u0301cran-2022-03-31-a\u0300-12.40.19-1024x575.png 1024w, https:\/\/pineau-de-lestuaire.com\/wp-content\/uploads\/2022\/08\/Capture-de\u0301cran-2022-03-31-a\u0300-12.40.19-300x169.png 300w, https:\/\/pineau-de-lestuaire.com\/wp-content\/uploads\/2022\/08\/Capture-de\u0301cran-2022-03-31-a\u0300-12.40.19-768x432.png 768w, https:\/\/pineau-de-lestuaire.com\/wp-content\/uploads\/2022\/08\/Capture-de\u0301cran-2022-03-31-a\u0300-12.40.19-1536x863.png 1536w, https:\/\/pineau-de-lestuaire.com\/wp-content\/uploads\/2022\/08\/Capture-de\u0301cran-2022-03-31-a\u0300-12.40.19.png 1920w\" sizes=\"auto, (max-width: 1020px) 100vw, 1020px\" \/>\t\t\t\t\t\t\n\t\t\t\t\t<\/div>\n\t\t\t\t\t\t\t\t\n<style>\n#image_1600691221 {\n  width: 100%;\n}\n<\/style>\n\t<\/div>\n\t\n\n\t<div class=\"img has-hover x md-x lg-x y md-y lg-y\" id=\"image_1046006860\">\n\t\t\t\t\t\t\t\t<div class=\"img-inner dark\" >\n\t\t\t<img loading=\"lazy\" decoding=\"async\" width=\"1020\" height=\"575\" src=\"https:\/\/pineau-de-lestuaire.com\/wp-content\/uploads\/2022\/08\/Capture-de\u0301cran-2022-03-31-a\u0300-12.42.22-1024x577.png\" class=\"attachment-large size-large\" alt=\"\" srcset=\"https:\/\/pineau-de-lestuaire.com\/wp-content\/uploads\/2022\/08\/Capture-de\u0301cran-2022-03-31-a\u0300-12.42.22-1024x577.png 1024w, https:\/\/pineau-de-lestuaire.com\/wp-content\/uploads\/2022\/08\/Capture-de\u0301cran-2022-03-31-a\u0300-12.42.22-300x169.png 300w, https:\/\/pineau-de-lestuaire.com\/wp-content\/uploads\/2022\/08\/Capture-de\u0301cran-2022-03-31-a\u0300-12.42.22-768x432.png 768w, https:\/\/pineau-de-lestuaire.com\/wp-content\/uploads\/2022\/08\/Capture-de\u0301cran-2022-03-31-a\u0300-12.42.22-1536x865.png 1536w, https:\/\/pineau-de-lestuaire.com\/wp-content\/uploads\/2022\/08\/Capture-de\u0301cran-2022-03-31-a\u0300-12.42.22.png 1918w\" sizes=\"auto, (max-width: 1020px) 100vw, 1020px\" \/>\t\t\t\t\t\t\n\t\t\t\t\t<\/div>\n\t\t\t\t\t\t\t\t\n<style>\n#image_1046006860 {\n  width: 100%;\n}\n<\/style>\n\t<\/div>\n\t\n\n\n\t\t<\/div>\n\t\t\t\t\t<\/div>\n\n\t\n\n\t<div id=\"col-1672160763\" class=\"col medium-4 small-12 large-4\"  >\n\t\t\t\t<div class=\"col-inner text-center\"  >\n\t\t\t\n\t\t\t\n\n\t<div class=\"img has-hover x md-x lg-x y md-y lg-y\" id=\"image_2054810281\">\n\t\t\t\t\t\t\t\t<div class=\"img-inner dark\" >\n\t\t\t<img loading=\"lazy\" decoding=\"async\" width=\"1020\" height=\"573\" src=\"https:\/\/pineau-de-lestuaire.com\/wp-content\/uploads\/2022\/08\/Capture-decran-2022-03-31-a-12.43.01-1024x575.jpg\" class=\"attachment-large size-large\" alt=\"\" srcset=\"https:\/\/pineau-de-lestuaire.com\/wp-content\/uploads\/2022\/08\/Capture-decran-2022-03-31-a-12.43.01-1024x575.jpg 1024w, https:\/\/pineau-de-lestuaire.com\/wp-content\/uploads\/2022\/08\/Capture-decran-2022-03-31-a-12.43.01-300x169.jpg 300w, https:\/\/pineau-de-lestuaire.com\/wp-content\/uploads\/2022\/08\/Capture-decran-2022-03-31-a-12.43.01-768x432.jpg 768w, https:\/\/pineau-de-lestuaire.com\/wp-content\/uploads\/2022\/08\/Capture-decran-2022-03-31-a-12.43.01-1536x863.jpg 1536w, https:\/\/pineau-de-lestuaire.com\/wp-content\/uploads\/2022\/08\/Capture-decran-2022-03-31-a-12.43.01.jpg 1920w\" sizes=\"auto, (max-width: 1020px) 100vw, 1020px\" \/>\t\t\t\t\t\t\n\t\t\t\t\t<\/div>\n\t\t\t\t\t\t\t\t\n<style>\n#image_2054810281 {\n  width: 100%;\n}\n<\/style>\n\t<\/div>\n\t\n\n\t<div class=\"img has-hover x md-x lg-x y md-y lg-y\" id=\"image_42062842\">\n\t\t\t\t\t\t\t\t<div class=\"img-inner dark\" >\n\t\t\t<img loading=\"lazy\" decoding=\"async\" width=\"1020\" height=\"575\" src=\"https:\/\/pineau-de-lestuaire.com\/wp-content\/uploads\/2022\/08\/Capture-de\u0301cran-2022-03-31-a\u0300-12.42.44-1024x577.png\" class=\"attachment-large size-large\" alt=\"\" srcset=\"https:\/\/pineau-de-lestuaire.com\/wp-content\/uploads\/2022\/08\/Capture-de\u0301cran-2022-03-31-a\u0300-12.42.44-1024x577.png 1024w, https:\/\/pineau-de-lestuaire.com\/wp-content\/uploads\/2022\/08\/Capture-de\u0301cran-2022-03-31-a\u0300-12.42.44-300x169.png 300w, https:\/\/pineau-de-lestuaire.com\/wp-content\/uploads\/2022\/08\/Capture-de\u0301cran-2022-03-31-a\u0300-12.42.44-768x432.png 768w, https:\/\/pineau-de-lestuaire.com\/wp-content\/uploads\/2022\/08\/Capture-de\u0301cran-2022-03-31-a\u0300-12.42.44-1536x865.png 1536w, https:\/\/pineau-de-lestuaire.com\/wp-content\/uploads\/2022\/08\/Capture-de\u0301cran-2022-03-31-a\u0300-12.42.44.png 1918w\" sizes=\"auto, (max-width: 1020px) 100vw, 1020px\" \/>\t\t\t\t\t\t\n\t\t\t\t\t<\/div>\n\t\t\t\t\t\t\t\t\n<style>\n#image_42062842 {\n  width: 100%;\n}\n<\/style>\n\t<\/div>\n\t\n\n\n\t\t<\/div>\n\t\t\t\t\t<\/div>\n\n\t\n\n<\/div>\n\n\t\t<\/div>\n\n\t\t\n<style>\n#section_1787309353 {\n  padding-top: 30px;\n  padding-bottom: 30px;\n}\n<\/style>\n\t<\/section>\n\t\n\t<section class=\"section\" id=\"section_1285417831\">\n\t\t<div class=\"bg section-bg fill bg-fill  bg-loaded\" >\n\n\t\t\t\n\t\t\t\n\t\t\t\n\n\t\t<\/div>\n\n\t\t\n\n\t\t<div class=\"section-content relative\">\n\t\t\t\n\n<div class=\"row row-collapse row-full-width align-middle align-center\"  id=\"row-1109692761\">\n\n\n\t<div id=\"col-1494881454\" class=\"col medium-6 small-12 large-6\"  >\n\t\t\t\t<div class=\"col-inner text-center\"  >\n\t\t\t\n\t\t\t\n\n\t<div class=\"img has-hover x md-x lg-x y md-y lg-y\" id=\"image_2109904783\">\n\t\t\t\t\t\t\t\t<div class=\"img-inner dark\" >\n\t\t\t<img loading=\"lazy\" decoding=\"async\" width=\"544\" height=\"544\" src=\"https:\/\/pineau-de-lestuaire.com\/wp-content\/uploads\/2022\/08\/Capture-de\u0301cran-2022-08-02-a\u0300-09.04.15.png\" class=\"attachment-original size-original\" alt=\"\" srcset=\"https:\/\/pineau-de-lestuaire.com\/wp-content\/uploads\/2022\/08\/Capture-de\u0301cran-2022-08-02-a\u0300-09.04.15.png 544w, https:\/\/pineau-de-lestuaire.com\/wp-content\/uploads\/2022\/08\/Capture-de\u0301cran-2022-08-02-a\u0300-09.04.15-300x300.png 300w, https:\/\/pineau-de-lestuaire.com\/wp-content\/uploads\/2022\/08\/Capture-de\u0301cran-2022-08-02-a\u0300-09.04.15-150x150.png 150w\" sizes=\"auto, (max-width: 544px) 100vw, 544px\" \/>\t\t\t\t\t\t\n\t\t\t\t\t<\/div>\n\t\t\t\t\t\t\t\t\n<style>\n#image_2109904783 {\n  width: 57%;\n}\n<\/style>\n\t<\/div>\n\t\n\n\n\t\t<\/div>\n\t\t\t\t\t<\/div>\n\n\t\n\n\t<div id=\"col-467077162\" class=\"col medium-4 small-12 large-4\"  >\n\t\t\t\t<div class=\"col-inner dark\"  >\n\t\t\t\n\t\t\t\n\n<h3 class=\"lead\">Vous pouvez nous retrouver sur l&rsquo;exploitation situ\u00e9e \u00e0 Floirac ou sur les diff\u00e9rents march\u00e9s durant l&rsquo;\u00e9t\u00e9.<\/h3>\n\n\t\t<\/div>\n\t\t\t\t\t<\/div>\n\n\t\n\n<\/div>\n\n\t\t<\/div>\n\n\t\t\n<style>\n#section_1285417831 {\n  padding-top: 30px;\n  padding-bottom: 30px;\n  background-color: #787d23;\n}\n<\/style>\n\t<\/section>\n\t\n\n","protected":false},"excerpt":{"rendered":"","protected":false},"author":1,"featured_media":0,"parent":0,"menu_order":0,"comment_status":"closed","ping_status":"closed","template":"page-blank.php","meta":{"footnotes":""},"class_list":["post-5","page","type-page","status-publish","hentry"],"yoast_head":"<!-- This site is optimized with the Yoast SEO plugin v27.1.1 - https:\/\/yoast.com\/product\/yoast-seo-wordpress\/ -->\n<title>Pineau de l&#039;Estuaire - Pineau de l&#039;Estuaire<\/title>\n<meta name=\"robots\" content=\"index, follow, max-snippet:-1, max-image-preview:large, max-video-preview:-1\" \/>\n<link rel=\"canonical\" href=\"https:\/\/pineau-de-lestuaire.com\/\" \/>\n<meta property=\"og:locale\" content=\"fr_FR\" \/>\n<meta property=\"og:type\" content=\"article\" \/>\n<meta property=\"og:title\" content=\"Pineau de l&#039;Estuaire - Pineau de l&#039;Estuaire\" \/>\n<meta property=\"og:url\" content=\"https:\/\/pineau-de-lestuaire.com\/\" \/>\n<meta property=\"og:site_name\" content=\"Pineau de l&#039;Estuaire\" \/>\n<meta property=\"article:modified_time\" content=\"2022-11-24T09:13:30+00:00\" \/>\n<meta name=\"twitter:card\" content=\"summary_large_image\" \/>\n<meta name=\"twitter:label1\" content=\"Dur\u00e9e de lecture estim\u00e9e\" \/>\n\t<meta name=\"twitter:data1\" content=\"1 minute\" \/>\n<script type=\"application\/ld+json\" class=\"yoast-schema-graph\">{\"@context\":\"https:\/\/schema.org\",\"@graph\":[{\"@type\":\"WebPage\",\"@id\":\"https:\/\/pineau-de-lestuaire.com\/\",\"url\":\"https:\/\/pineau-de-lestuaire.com\/\",\"name\":\"Pineau de l'Estuaire - Pineau de l&#039;Estuaire\",\"isPartOf\":{\"@id\":\"https:\/\/pineau-de-lestuaire.com\/#website\"},\"datePublished\":\"2022-04-24T11:21:56+00:00\",\"dateModified\":\"2022-11-24T09:13:30+00:00\",\"breadcrumb\":{\"@id\":\"https:\/\/pineau-de-lestuaire.com\/#breadcrumb\"},\"inLanguage\":\"fr-FR\",\"potentialAction\":[{\"@type\":\"ReadAction\",\"target\":[\"https:\/\/pineau-de-lestuaire.com\/\"]}]},{\"@type\":\"BreadcrumbList\",\"@id\":\"https:\/\/pineau-de-lestuaire.com\/#breadcrumb\",\"itemListElement\":[{\"@type\":\"ListItem\",\"position\":1,\"name\":\"Accueil\",\"item\":\"https:\/\/pineau-de-lestuaire.com\/\"},{\"@type\":\"ListItem\",\"position\":2,\"name\":\"Pineau de l&rsquo;Estuaire\"}]},{\"@type\":\"WebSite\",\"@id\":\"https:\/\/pineau-de-lestuaire.com\/#website\",\"url\":\"https:\/\/pineau-de-lestuaire.com\/\",\"name\":\"Pineau de l&#039;Estuaire\",\"description\":\"\",\"potentialAction\":[{\"@type\":\"SearchAction\",\"target\":{\"@type\":\"EntryPoint\",\"urlTemplate\":\"https:\/\/pineau-de-lestuaire.com\/?s={search_term_string}\"},\"query-input\":{\"@type\":\"PropertyValueSpecification\",\"valueRequired\":true,\"valueName\":\"search_term_string\"}}],\"inLanguage\":\"fr-FR\"}]}<\/script>\n<!-- \/ Yoast SEO plugin. -->","yoast_head_json":{"title":"Pineau de l'Estuaire - Pineau de l&#039;Estuaire","robots":{"index":"index","follow":"follow","max-snippet":"max-snippet:-1","max-image-preview":"max-image-preview:large","max-video-preview":"max-video-preview:-1"},"canonical":"https:\/\/pineau-de-lestuaire.com\/","og_locale":"fr_FR","og_type":"article","og_title":"Pineau de l'Estuaire - Pineau de l&#039;Estuaire","og_url":"https:\/\/pineau-de-lestuaire.com\/","og_site_name":"Pineau de l&#039;Estuaire","article_modified_time":"2022-11-24T09:13:30+00:00","twitter_card":"summary_large_image","twitter_misc":{"Dur\u00e9e de lecture estim\u00e9e":"1 minute"},"schema":{"@context":"https:\/\/schema.org","@graph":[{"@type":"WebPage","@id":"https:\/\/pineau-de-lestuaire.com\/","url":"https:\/\/pineau-de-lestuaire.com\/","name":"Pineau de l'Estuaire - Pineau de l&#039;Estuaire","isPartOf":{"@id":"https:\/\/pineau-de-lestuaire.com\/#website"},"datePublished":"2022-04-24T11:21:56+00:00","dateModified":"2022-11-24T09:13:30+00:00","breadcrumb":{"@id":"https:\/\/pineau-de-lestuaire.com\/#breadcrumb"},"inLanguage":"fr-FR","potentialAction":[{"@type":"ReadAction","target":["https:\/\/pineau-de-lestuaire.com\/"]}]},{"@type":"BreadcrumbList","@id":"https:\/\/pineau-de-lestuaire.com\/#breadcrumb","itemListElement":[{"@type":"ListItem","position":1,"name":"Accueil","item":"https:\/\/pineau-de-lestuaire.com\/"},{"@type":"ListItem","position":2,"name":"Pineau de l&rsquo;Estuaire"}]},{"@type":"WebSite","@id":"https:\/\/pineau-de-lestuaire.com\/#website","url":"https:\/\/pineau-de-lestuaire.com\/","name":"Pineau de l&#039;Estuaire","description":"","potentialAction":[{"@type":"SearchAction","target":{"@type":"EntryPoint","urlTemplate":"https:\/\/pineau-de-lestuaire.com\/?s={search_term_string}"},"query-input":{"@type":"PropertyValueSpecification","valueRequired":true,"valueName":"search_term_string"}}],"inLanguage":"fr-FR"}]}},"_links":{"self":[{"href":"https:\/\/pineau-de-lestuaire.com\/index.php\/wp-json\/wp\/v2\/pages\/5","targetHints":{"allow":["GET"]}}],"collection":[{"href":"https:\/\/pineau-de-lestuaire.com\/index.php\/wp-json\/wp\/v2\/pages"}],"about":[{"href":"https:\/\/pineau-de-lestuaire.com\/index.php\/wp-json\/wp\/v2\/types\/page"}],"author":[{"embeddable":true,"href":"https:\/\/pineau-de-lestuaire.com\/index.php\/wp-json\/wp\/v2\/users\/1"}],"replies":[{"embeddable":true,"href":"https:\/\/pineau-de-lestuaire.com\/index.php\/wp-json\/wp\/v2\/comments?post=5"}],"version-history":[{"count":5,"href":"https:\/\/pineau-de-lestuaire.com\/index.php\/wp-json\/wp\/v2\/pages\/5\/revisions"}],"predecessor-version":[{"id":88,"href":"https:\/\/pineau-de-lestuaire.com\/index.php\/wp-json\/wp\/v2\/pages\/5\/revisions\/88"}],"wp:attachment":[{"href":"https:\/\/pineau-de-lestuaire.com\/index.php\/wp-json\/wp\/v2\/media?parent=5"}],"curies":[{"name":"wp","href":"https:\/\/api.w.org\/{rel}","templated":true}]}}